{"id":1964,"date":"2022-01-19T11:36:45","date_gmt":"2022-01-19T10:36:45","guid":{"rendered":"http:\/\/isigny-trad.s190407.mpilcaen-01.atester.fr\/mentions-legales\/"},"modified":"2022-02-23T14:25:53","modified_gmt":"2022-02-23T13:25:53","slug":"mentions-legales","status":"publish","type":"page","link":"https:\/\/isigny-aop.com\/en\/mentions-legales\/","title":{"rendered":"Legal notices"},"content":{"rendered":"<p>Website: www.isigny-aop.com<\/p>\n<p><strong>Publisher:<\/strong><\/p>\n<p>Syndicat de D\u00e9fense des Producteurs de Lait et Transformateurs<br \/>de Beurre et Cr\u00e8me d\u2019Isigny, Organisme de D\u00e9fense et de Gestion<\/p>\n<p>Siret no. 42783860200014<br \/>2 rue du Docteur Boutrois<br \/><span style=\"font-size: inherit;\">CS10099<br \/><\/span>14230 Isigny-Sur-Mer, France<br \/>Tel. +33 (0)2 31 51 33 00<br \/>Email: communication@isigny-aop.com<br \/><span style=\"font-size: inherit;\">Publication director: Mr Patrick En\u00e9e<\/span><\/p>\n<p>Website host:<br \/><span style=\"font-size: inherit;\">Medialibs: 34 impasse Alfred Kastler<br \/><\/span><span style=\"font-size: inherit;\">44115 Haute-Goulaine, France<br \/><\/span><span style=\"font-size: inherit;\">Tel: +33 (0)2 41 19 19 92<\/span><\/p>\n<h4>General Terms and Conditions of Use<\/h4>\n<p>The use of this website, www.isigny-aop.com (hereinafter the<br \/>\u2018Website\u2019), implies the full and unconditional acceptance of the<br \/>general terms and conditions of use set out below (hereinafter the<br \/>\u2018T&amp;Cs\u2019). These T&amp;amp;Cs may be modified or added to at any time. If you<br \/>do not read, do not understand and\/or do not agree to these T&amp;Cs,<br \/>you must immediately stop using and leave the Website.<\/p>\n<p>The Website is published by the Syndicat de D\u00e9fense des<br \/>Producteurs de Lait et Transformateurs de Beurre et Cr\u00e8me<br \/>d\u2019Isigny (hereinafter \u2018ODG Beurre et Cr\u00e8me d\u2019Isigny\u2019), a protection<br \/>and management body (Organisme de D\u00e9fense et de Gestion),<br \/>Siret no. 42783860200014, having its registered office at 2 rue du<br \/>Docteur Boutrois, CS10099, 14230 Isigny-sur-Mer, France.<\/p>\n<h4>Article 1. INFORMATION<\/h4>\n<p>The information and documents on the Website are indicative<br \/>only, are not exhaustive and cannot result in the Website owner<br \/>being held liable.<\/p>\n<p>The Website owner cannot be held liable for any indirect damage<br \/>caused by accessing the Website.<\/p>\n<h4>Article 2. INTELLECTUAL PROPERTY<\/h4>\n<p>The Website and everything comprising it (such as text,<br \/>information, presentations, software, animations, photos,<br \/>illustrations, images, diagrams, soundtracks, logos, brands,<br \/>drawings and models), including the software elements required<br \/>for the Website to function, (hereinafter the \u2018Content\u2019) may<br \/>contain confidential data and information protected by<br \/>intellectual property rights and other applicable laws. Therefore,<br \/>unless otherwise specified on the Website, the intellectual<br \/>property rights for the Content are the exclusive property of ODG<br \/>Beurre et Cr\u00e8me d\u2019Isigny, which issues no licence to users and no<br \/>rights other than the right to view the Website.<\/p>\n<p>Under the French Intellectual Property Code and, more generally,<br \/>the international agreements and treaties involving copyright<br \/>provisions, you are prohibited from copying for any use other than<br \/>private use, selling, distributing, broadcasting, adapting,<br \/>modifying, publishing, and communicating in full or in part, in<br \/>whatsoever form, any of the Website\u2019s Content or structure<br \/>without the prior written agreement of ODG Beurre et Cr\u00e8me<br \/>d\u2019Isigny.<\/p>\n<p>You agree to refrain from copying, modifying, reusing,<br \/>downloading, compiling, decompiling and disassembling the<br \/>Website and any Content and\/or part of it without the express<br \/>prior written consent of ODG Beurre et Cr\u00e8me d\u2019Isigny and\/or<br \/>without express authorisation provided within these Website<br \/>T&amp;amp;Cs. Journalists are however granted authorisation to copy<br \/>elements such as photos, press releases and Website Content to<br \/>use in their articles. Any use of those photos, press releases,<br \/>Website Content and other elements must always be used by<\/p>\n<p>journalists to give a positive image of ODG Beurre et Cr\u00e8me<br \/>d\u2019Isigny and its products. If the aforementioned conditions are not<br \/>met, ODG Beurre et Cr\u00e8me d\u2019Isigny reserves the right to withdraw<br \/>its authorisation. The offending journalist must immediately<br \/>delete their published content as well as any photos, press<br \/>releases, Website Content and other elements used. Similarly, you<br \/>agree not to purchase keywords from a search engine or pay-per-<br \/>click service (such as Google AdWords) or domain names that use<br \/>the brands or variations and identical or similar spelling to the<br \/>Website and Content.<\/p>\n<h4>Article 3. PERSONAL DATA<\/h4>\n<p>The information collected on this Website and through any forms<br \/>we may circulate are carefully processed in accordance with<br \/>current regulations in order to protect your privacy. Our<br \/>commitments and your rights in this area are set out in our<br \/>Personal Data Protection Policy.<\/p>\n<h4>Article 4. WEBSITE ACCESS<\/h4>\n<p>The Website can be accessed 24\/7, except in the event of a force<br \/>majeure or other event outside the control of our company, and<br \/>subject to any breakdowns or maintenance required for the<br \/>Website and related equipment to operate correctly.<\/p>\n<p><strong>4.1. Accessing and using the Website<\/strong><br \/>You are solely responsible for the equipment, software and<br \/>internet connection required to access and use the Website.<br \/>Similarly, you must use the Website for lawful purposes and, when<br \/>required, provide accurate, substantiated, up-to-date details free<br \/>from any bugs.<\/p>\n<p><strong>4.2. Hyperlinks<\/strong><br \/>The Website may contain links to other websites and internet<br \/>sources. ODG Beurre et Cr\u00e8me d\u2019Isigny cannot control those<br \/>external websites and sources, therefore ODG Beurre et Cr\u00e8me<br \/>d\u2019Isigny cannot be held liable for the content, advertising,<br \/>products, services and all other elements available on those<br \/>external websites and sources. Furthermore, ODG Beurre et<br \/>Cr\u00e8me d\u2019Isigny cannot be held liable for any alleged or proven<br \/>indirect or direct damages caused by the use of the content,<br \/>goods and services available on those external websites and<br \/>sources.<\/p>\n<p><strong>4.3. Restrictions on use<\/strong><\/p>\n<p>You must at all times refrain from the following actions: (i)<br \/>publishing online on the Website or taking any action that may<br \/>result in the transmission in any manner of software viruses and<br \/>other computer codes, files or programmes designed to interrupt,<br \/>destroy or restrict the operation of any software, IT equipment or<br \/>telecommunications equipment; (ii) disrupting or interrupting the<br \/>Website, servers or networks connected to the Website or<br \/>breaching any conditions, procedures, rules or regulations relating<br \/>to the Website; (iii) attempting to interfere with the Website,<br \/>including exposing the Website to a virus, causing an overload of<br \/>the bandwidth or server (whether involuntarily or through a denial<br \/>of service attack), by sending spam emails or by overloading the<br \/>services supplied by the Website; (iv) viewing information not<br \/>intended for you and accessing a server or account for which you<br \/>do not hold authorisation; (v) attempting to assess, rate or test the<br \/>Website\u2019s vulnerability, or breach the Website\u2019s security and<br \/>authentication measures without the express prior written<br \/>agreement of ODG Beurre et Cr\u00e8me d\u2019Isigny; (vi) undertaking any<br \/>illegal activity or any other activity that may harm the rights of<br \/>ODG Beurre et Cr\u00e8me d\u2019Isigny, its suppliers, service providers,<br \/>retailers and advertisers, or any other person, and inciting third<br \/>parties to do the same; (vii) publishing online on the Website or<br \/>making available by any other means any unsolicited or<\/p>\n<p>unauthorised advertising or promotional material such as spam<br \/>emails, chain letters and other forms of solicitation; (viii) publishing<br \/>online on the Website or making available by any other means any<br \/>illegal, harmful, defamatory, slanderous, offensive, racist, vulgar,<br \/>obscene, threatening or immoral content and any content that is<br \/>objectionable in terms of racial and ethnic messages, or otherwise<br \/>objectionable.<\/p>\n<p>You agree to refrain from using robots, spiders and other devices,<br \/>programmes, scripts, algorithms, automatic methodologies and<br \/>all other identical or similar manual procedures for the purpose of<br \/>accessing, acquiring, copying or monitoring all or part of the<br \/>Website (or its data and\/or Content as defined above), and<br \/>copying or hijacking the Website layout and presentation in order<br \/>to obtain or attempt to obtain information, documents, services<br \/>and equipment in a manner not normally available through the<br \/>Website.<\/p>\n<p>You agree to comply with all applicable laws, regulations and<br \/>procedures involving online user behaviour.<\/p>\n<h4><strong>Article 5. LIABILITY<\/strong><\/h4>\n<p>ODG Beurre et Cr\u00e8me d\u2019Isigny is only bound by a duty of means<br \/>regarding the information we provide to people accessing our<br \/>Website. We will do our utmost to ensure the information shown<br \/>on the Website is accurate and current. However, ODG Beurre et<br \/>Cr\u00e8me d\u2019Isigny cannot guarantee the accuracy, precision or<br \/>exhaustive nature of the information provided to you on the<br \/>Website. Consequently, ODG Beurre et Cr\u00e8me d\u2019Isigny cannot be<br \/>held liable for any errors or omissions, or for any results that may<br \/>be obtained by using that information.<\/p>\n<p>We do not claim or guarantee that the Website (or any section,<br \/>characteristic or Content on it) will be (or will continue to be)<br \/>compatible with your needs, terminal, operating system, browser,<br \/>software or tools, that the Website complies with any law to which<br \/>you are subject, or that the Website\u2019s operation will be free of any<br \/>virus, bug or other damaging component.<\/p>\n<p>ODG Beurre et Cr\u00e8me d\u2019Isigny provides free access to the Website<br \/>and does not accept any liability (i) for any Website disruption or<br \/>unavailability, (ii) in the event of any bugs, display errors or<br \/>downloading issues, (iii) for any inaccuracy or omission in the<br \/>Content available on the Website, (iv) for any damage resulting<br \/>from a third party\u2019s fraudulent intrusion, and (v) more generally,<br \/>any damages, regardless of cause or consequence, that may be<br \/>suffered by accessing the Website or that may arise from<br \/>information taken directly or indirectly from the Website, subject<br \/>to the authorised limits imposed by the applicable legislation.<\/p>\n<h4><strong>Article 6. Applicable law and jurisdiction<\/strong><\/h4>\n<p>These T&amp;amp;Cs are governed by French law. Any disputes relating to<br \/>the Content and to Website use will be decided by the courts<br \/>holding jurisdiction under the Caen Court of Appeal.<\/p>\n<h4><strong>Article 7. Credits<\/strong><\/h4>\n<p>Website provided by ODG Beurre et Cr\u00e8me d\u2019Isigny.<br \/>Designed and created by Mediapilote.<\/p>\n\n\n<p><\/p>\n","protected":false},"excerpt":{"rendered":"<p>Website: www.isigny-aop.com Publisher: Syndicat de D\u00e9fense des Producteurs de Lait et Transformateursde Beurre et Cr\u00e8me d\u2019Isigny, Organisme de D\u00e9fense et de Gestion Siret no. 427838602000142 rue du Docteur BoutroisCS1009914230 Isigny-Sur-Mer, FranceTel. +33 (0)2 31 51 33 00Email: communication@isigny-aop.comPublication director: Mr Patrick En\u00e9e Website host:Medialibs: 34 impasse Alfred Kastler44115 Haute-Goulaine, FranceTel: +33 (0)2 41 19 19 &#8230; <a title=\"Legal notices\" class=\"read-more\" href=\"https:\/\/isigny-aop.com\/en\/mentions-legales\/\" aria-label=\"Read more about Legal notices\">Read more<\/a><\/p>\n","protected":false},"author":7,"featured_media":0,"parent":0,"menu_order":0,"comment_status":"closed","ping_status":"closed","template":"","meta":{"_acf_changed":false,"footnotes":""},"class_list":["post-1964","page","type-page","status-publish"],"acf":[],"yoast_head":"<!-- This site is optimized with the Yoast SEO plugin v27.5 - https:\/\/yoast.com\/product\/yoast-seo-wordpress\/ -->\n<title>Legal notices - Beurre et Cr\u00e8me d&#039;Isigny<\/title>\n<meta name=\"robots\" content=\"index, follow, max-snippet:-1, max-image-preview:large, max-video-preview:-1\" \/>\n<link rel=\"canonical\" href=\"https:\/\/isigny-aop.com\/en\/mentions-legales\/\" \/>\n<meta property=\"og:locale\" content=\"en_US\" \/>\n<meta property=\"og:type\" content=\"article\" \/>\n<meta property=\"og:title\" content=\"Legal notices - Beurre et Cr\u00e8me d&#039;Isigny\" \/>\n<meta property=\"og:description\" content=\"Website: www.isigny-aop.com Publisher: Syndicat de D\u00e9fense des Producteurs de Lait et Transformateursde Beurre et Cr\u00e8me d\u2019Isigny, Organisme de D\u00e9fense et de Gestion Siret no. 427838602000142 rue du Docteur BoutroisCS1009914230 Isigny-Sur-Mer, FranceTel. +33 (0)2 31 51 33 00Email: communication@isigny-aop.comPublication director: Mr Patrick En\u00e9e Website host:Medialibs: 34 impasse Alfred Kastler44115 Haute-Goulaine, FranceTel: +33 (0)2 41 19 19 ... Read more\" \/>\n<meta property=\"og:url\" content=\"https:\/\/isigny-aop.com\/en\/mentions-legales\/\" \/>\n<meta property=\"og:site_name\" content=\"Beurre et Cr\u00e8me d&#039;Isigny\" \/>\n<meta property=\"article:modified_time\" content=\"2022-02-23T13:25:53+00:00\" \/>\n<meta name=\"twitter:card\" content=\"summary_large_image\" \/>\n<meta name=\"twitter:label1\" content=\"Est. reading time\" \/>\n\t<meta name=\"twitter:data1\" content=\"8 minutes\" \/>\n<script type=\"application\/ld+json\" class=\"yoast-schema-graph\">{\"@context\":\"https:\\\/\\\/schema.org\",\"@graph\":[{\"@type\":\"WebPage\",\"@id\":\"https:\\\/\\\/isigny-aop.com\\\/en\\\/mentions-legales\\\/\",\"url\":\"https:\\\/\\\/isigny-aop.com\\\/en\\\/mentions-legales\\\/\",\"name\":\"Legal notices - Beurre et Cr\u00e8me d&#039;Isigny\",\"isPartOf\":{\"@id\":\"https:\\\/\\\/isigny-aop.com\\\/en\\\/#website\"},\"datePublished\":\"2022-01-19T10:36:45+00:00\",\"dateModified\":\"2022-02-23T13:25:53+00:00\",\"breadcrumb\":{\"@id\":\"https:\\\/\\\/isigny-aop.com\\\/en\\\/mentions-legales\\\/#breadcrumb\"},\"inLanguage\":\"en-US\",\"potentialAction\":[{\"@type\":\"ReadAction\",\"target\":[\"https:\\\/\\\/isigny-aop.com\\\/en\\\/mentions-legales\\\/\"]}]},{\"@type\":\"BreadcrumbList\",\"@id\":\"https:\\\/\\\/isigny-aop.com\\\/en\\\/mentions-legales\\\/#breadcrumb\",\"itemListElement\":[{\"@type\":\"ListItem\",\"position\":1,\"name\":\"Accueil\",\"item\":\"https:\\\/\\\/isigny-aop.com\\\/en\\\/\"},{\"@type\":\"ListItem\",\"position\":2,\"name\":\"Legal notices\"}]},{\"@type\":\"WebSite\",\"@id\":\"https:\\\/\\\/isigny-aop.com\\\/en\\\/#website\",\"url\":\"https:\\\/\\\/isigny-aop.com\\\/en\\\/\",\"name\":\"Beurre et Cr\u00e8me d&#039;Isigny\",\"description\":\"Ambassadeurs d&#039;exception de la Normandie\",\"publisher\":{\"@id\":\"https:\\\/\\\/isigny-aop.com\\\/en\\\/#organization\"},\"potentialAction\":[{\"@type\":\"SearchAction\",\"target\":{\"@type\":\"EntryPoint\",\"urlTemplate\":\"https:\\\/\\\/isigny-aop.com\\\/en\\\/?s={search_term_string}\"},\"query-input\":{\"@type\":\"PropertyValueSpecification\",\"valueRequired\":true,\"valueName\":\"search_term_string\"}}],\"inLanguage\":\"en-US\"},{\"@type\":\"Organization\",\"@id\":\"https:\\\/\\\/isigny-aop.com\\\/en\\\/#organization\",\"name\":\"Beurre et Cr\u00e8me d&#039;Isigny\",\"url\":\"https:\\\/\\\/isigny-aop.com\\\/en\\\/\",\"logo\":{\"@type\":\"ImageObject\",\"inLanguage\":\"en-US\",\"@id\":\"https:\\\/\\\/isigny-aop.com\\\/en\\\/#\\\/schema\\\/logo\\\/image\\\/\",\"url\":\"https:\\\/\\\/isigny-aop.com\\\/wp-content\\\/uploads\\\/2020\\\/10\\\/cropped-label-beurre-et-creme@2x.png\",\"contentUrl\":\"https:\\\/\\\/isigny-aop.com\\\/wp-content\\\/uploads\\\/2020\\\/10\\\/cropped-label-beurre-et-creme@2x.png\",\"width\":528,\"height\":220,\"caption\":\"Beurre et Cr\u00e8me d&#039;Isigny\"},\"image\":{\"@id\":\"https:\\\/\\\/isigny-aop.com\\\/en\\\/#\\\/schema\\\/logo\\\/image\\\/\"}}]}<\/script>\n<!-- \/ Yoast SEO plugin. -->","yoast_head_json":{"title":"Legal notices - Beurre et Cr\u00e8me d&#039;Isigny","robots":{"index":"index","follow":"follow","max-snippet":"max-snippet:-1","max-image-preview":"max-image-preview:large","max-video-preview":"max-video-preview:-1"},"canonical":"https:\/\/isigny-aop.com\/en\/mentions-legales\/","og_locale":"en_US","og_type":"article","og_title":"Legal notices - Beurre et Cr\u00e8me d&#039;Isigny","og_description":"Website: www.isigny-aop.com Publisher: Syndicat de D\u00e9fense des Producteurs de Lait et Transformateursde Beurre et Cr\u00e8me d\u2019Isigny, Organisme de D\u00e9fense et de Gestion Siret no. 427838602000142 rue du Docteur BoutroisCS1009914230 Isigny-Sur-Mer, FranceTel. +33 (0)2 31 51 33 00Email: communication@isigny-aop.comPublication director: Mr Patrick En\u00e9e Website host:Medialibs: 34 impasse Alfred Kastler44115 Haute-Goulaine, FranceTel: +33 (0)2 41 19 19 ... Read more","og_url":"https:\/\/isigny-aop.com\/en\/mentions-legales\/","og_site_name":"Beurre et Cr\u00e8me d&#039;Isigny","article_modified_time":"2022-02-23T13:25:53+00:00","twitter_card":"summary_large_image","twitter_misc":{"Est. reading time":"8 minutes"},"schema":{"@context":"https:\/\/schema.org","@graph":[{"@type":"WebPage","@id":"https:\/\/isigny-aop.com\/en\/mentions-legales\/","url":"https:\/\/isigny-aop.com\/en\/mentions-legales\/","name":"Legal notices - Beurre et Cr\u00e8me d&#039;Isigny","isPartOf":{"@id":"https:\/\/isigny-aop.com\/en\/#website"},"datePublished":"2022-01-19T10:36:45+00:00","dateModified":"2022-02-23T13:25:53+00:00","breadcrumb":{"@id":"https:\/\/isigny-aop.com\/en\/mentions-legales\/#breadcrumb"},"inLanguage":"en-US","potentialAction":[{"@type":"ReadAction","target":["https:\/\/isigny-aop.com\/en\/mentions-legales\/"]}]},{"@type":"BreadcrumbList","@id":"https:\/\/isigny-aop.com\/en\/mentions-legales\/#breadcrumb","itemListElement":[{"@type":"ListItem","position":1,"name":"Accueil","item":"https:\/\/isigny-aop.com\/en\/"},{"@type":"ListItem","position":2,"name":"Legal notices"}]},{"@type":"WebSite","@id":"https:\/\/isigny-aop.com\/en\/#website","url":"https:\/\/isigny-aop.com\/en\/","name":"Beurre et Cr\u00e8me d&#039;Isigny","description":"Ambassadeurs d&#039;exception de la Normandie","publisher":{"@id":"https:\/\/isigny-aop.com\/en\/#organization"},"potentialAction":[{"@type":"SearchAction","target":{"@type":"EntryPoint","urlTemplate":"https:\/\/isigny-aop.com\/en\/?s={search_term_string}"},"query-input":{"@type":"PropertyValueSpecification","valueRequired":true,"valueName":"search_term_string"}}],"inLanguage":"en-US"},{"@type":"Organization","@id":"https:\/\/isigny-aop.com\/en\/#organization","name":"Beurre et Cr\u00e8me d&#039;Isigny","url":"https:\/\/isigny-aop.com\/en\/","logo":{"@type":"ImageObject","inLanguage":"en-US","@id":"https:\/\/isigny-aop.com\/en\/#\/schema\/logo\/image\/","url":"https:\/\/isigny-aop.com\/wp-content\/uploads\/2020\/10\/cropped-label-beurre-et-creme@2x.png","contentUrl":"https:\/\/isigny-aop.com\/wp-content\/uploads\/2020\/10\/cropped-label-beurre-et-creme@2x.png","width":528,"height":220,"caption":"Beurre et Cr\u00e8me d&#039;Isigny"},"image":{"@id":"https:\/\/isigny-aop.com\/en\/#\/schema\/logo\/image\/"}}]}},"_links":{"self":[{"href":"https:\/\/isigny-aop.com\/en\/wp-json\/wp\/v2\/pages\/1964","targetHints":{"allow":["GET"]}}],"collection":[{"href":"https:\/\/isigny-aop.com\/en\/wp-json\/wp\/v2\/pages"}],"about":[{"href":"https:\/\/isigny-aop.com\/en\/wp-json\/wp\/v2\/types\/page"}],"author":[{"embeddable":true,"href":"https:\/\/isigny-aop.com\/en\/wp-json\/wp\/v2\/users\/7"}],"replies":[{"embeddable":true,"href":"https:\/\/isigny-aop.com\/en\/wp-json\/wp\/v2\/comments?post=1964"}],"version-history":[{"count":3,"href":"https:\/\/isigny-aop.com\/en\/wp-json\/wp\/v2\/pages\/1964\/revisions"}],"predecessor-version":[{"id":2400,"href":"https:\/\/isigny-aop.com\/en\/wp-json\/wp\/v2\/pages\/1964\/revisions\/2400"}],"wp:attachment":[{"href":"https:\/\/isigny-aop.com\/en\/wp-json\/wp\/v2\/media?parent=1964"}],"curies":[{"name":"wp","href":"https:\/\/api.w.org\/{rel}","templated":true}]}}